{"id":22,"date":"2020-03-18T18:06:29","date_gmt":"2020-03-18T17:06:29","guid":{"rendered":"http:\/\/brianberger.de\/?page_id=22"},"modified":"2022-09-12T10:10:12","modified_gmt":"2022-09-12T08:10:12","slug":"home","status":"publish","type":"page","link":"https:\/\/brianberger.de\/","title":{"rendered":"Home"},"content":{"rendered":"<div class=\"kvgmc6g5 cxmmr5t8 oygrvhab hcukyx3x c1et5uql ii04i59q\">\n<div dir=\"auto\">\n<div class=\"m8h3af8h l7ghb35v kjdc1dyq kmwttqpk gh25dzvf n3t5jt4f\">\n<div dir=\"auto\">Was war das gestern ein wundersch\u00f6ner Abend gewesen.<\/div>\n<div dir=\"auto\">Bis kurz vor dem beginn hatte es tats\u00e4chlich geregnet gehabt. Wie hatten echt ein Wahnsinniges Gl\u00fcck gehabt und wie nix war es richtig geil voll gewesen.<\/div>\n<\/div>\n<div class=\"l7ghb35v kjdc1dyq kmwttqpk gh25dzvf jikcssrz n3t5jt4f\">\n<div dir=\"auto\">Viele tolle K\u00fcnstlerinnen &amp; K\u00fcnstler angetroffen gehabt welche bis \u00fcber 90 % bei Berger&#8217;s Schlagerparadies vertreten sind.<\/div>\n<\/div>\n<div class=\"l7ghb35v kjdc1dyq kmwttqpk gh25dzvf jikcssrz n3t5jt4f\">\n<div dir=\"auto\">Gro\u00dfes Dankesch\u00f6n geht an <a class=\"qi72231t nu7423ey n3hqoq4p r86q59rh b3qcqh3k fq87ekyn bdao358l fsf7x5fv rse6dlih s5oniofx m8h3af8h l7ghb35v kjdc1dyq kmwttqpk srn514ro oxkhqvkx rl78xhln nch0832m cr00lzj9 rn8ck1ys s3jn8y49 icdlwmnq cxfqmxzd d1w2l3lo tes86rjd\" tabindex=\"0\" role=\"link\" href=\"https:\/\/www.facebook.com\/ClaudiaRaulf2?__cft__[0]=AZV_4mjrumnlCTpulMA5ETxieVTkxYGeifSBbx_sjGDbZjQNy25kZHHyIMSx-iEHCw8oAUWYhH6lc5WexA14ZuJDXQvpjz8TdV3MhLv0nhv7TdIkRWHtu0hvYpkvbBM7yBMRAVIlQJTxw76srPPGrAUK3G3-pIVCpGwbAgVJSTi82MTwmbioQHeVZPKLGH1rpLY&amp;__tn__=-]K-R\"><span class=\"rse6dlih\">Claudia Raulf Entertainment\/Lyrics<\/span><\/a> &amp; <a class=\"qi72231t nu7423ey n3hqoq4p r86q59rh b3qcqh3k fq87ekyn bdao358l fsf7x5fv rse6dlih s5oniofx m8h3af8h l7ghb35v kjdc1dyq kmwttqpk srn514ro oxkhqvkx rl78xhln nch0832m cr00lzj9 rn8ck1ys s3jn8y49 icdlwmnq cxfqmxzd d1w2l3lo tes86rjd\" tabindex=\"0\" role=\"link\" href=\"https:\/\/www.facebook.com\/profile.php?id=100063733741038&amp;__cft__[0]=AZV_4mjrumnlCTpulMA5ETxieVTkxYGeifSBbx_sjGDbZjQNy25kZHHyIMSx-iEHCw8oAUWYhH6lc5WexA14ZuJDXQvpjz8TdV3MhLv0nhv7TdIkRWHtu0hvYpkvbBM7yBMRAVIlQJTxw76srPPGrAUK3G3-pIVCpGwbAgVJSTi82MTwmbioQHeVZPKLGH1rpLY&amp;__tn__=-]K-R\"><span class=\"rse6dlih\">Moderatorin Nicole Kruse<\/span><\/a><\/div>\n<div dir=\"auto\">die es m\u00f6glich gemacht haben , das ich dabei sein durfte.<\/div>\n<div dir=\"auto\">Zudem war Abgesprochen gewesen das ich Sie als Curvy Ladys \u00fcberraschen werde und Sie mich ansagen und ich meinen Song &#8222;Und jetzt h\u00f6rst du Radio &#8220; Performen durfte.<\/div>\n<\/div>\n<div class=\"l7ghb35v kjdc1dyq kmwttqpk gh25dzvf jikcssrz n3t5jt4f\">\n<div dir=\"auto\">Was mir aber eine sehr gro\u00dfe Ehre war, das ich zuvor die Corvy Ladys anmoderrieren durfte. Ein gro\u00dfes Dankesch\u00f6n daf\u00fcr.<\/div>\n<\/div>\n<\/div>\n<div dir=\"auto\"><\/div>\n<div dir=\"auto\"><em><strong><img loading=\"lazy\" decoding=\"async\" class=\"aligncenter size-full wp-image-396\" src=\"http:\/\/brianberger.de\/wp-content\/uploads\/2022\/09\/306475603_5765009280223319_1891655557891508732_n.jpg\" alt=\"\" width=\"960\" height=\"720\" srcset=\"https:\/\/brianberger.de\/wp-content\/uploads\/2022\/09\/306475603_5765009280223319_1891655557891508732_n.jpg 960w, https:\/\/brianberger.de\/wp-content\/uploads\/2022\/09\/306475603_5765009280223319_1891655557891508732_n-300x225.jpg 300w, https:\/\/brianberger.de\/wp-content\/uploads\/2022\/09\/306475603_5765009280223319_1891655557891508732_n-768x576.jpg 768w\" sizes=\"auto, (max-width: 960px) 100vw, 960px\" \/><\/strong><\/em><\/div>\n<div dir=\"auto\"><\/div>\n<\/div>\n","protected":false},"excerpt":{"rendered":"<p>Was war das gestern ein wundersch\u00f6ner Abend gewesen. Bis kurz vor dem beginn hatte es tats\u00e4chlich geregnet gehabt. Wie hatten echt ein Wahnsinniges Gl\u00fcck gehabt und wie nix war es richtig geil voll gewesen. Viele tolle K\u00fcnstlerinnen &amp; K\u00fcnstler angetroffen gehabt welche bis \u00fcber 90 % bei Berger&#8217;s Schlagerparadies vertreten sind. Gro\u00dfes Dankesch\u00f6n geht an Claudia Raulf Entertainment\/Lyrics &amp; Moderatorin Nicole Kruse die es m\u00f6glich gemacht haben , das ich dabei sein durfte. Zudem war Abgesprochen gewesen das ich Sie als Curvy Ladys \u00fcberraschen werde und Sie mich ansagen und ich meinen Song &#8222;Und jetzt h\u00f6rst du Radio &#8220; Performen&#8230; <\/p>\n","protected":false},"author":1,"featured_media":0,"parent":0,"menu_order":0,"comment_status":"closed","ping_status":"closed","template":"template-full-width.php","meta":{"footnotes":""},"class_list":["post-22","page","type-page","status-publish","hentry"],"aioseo_notices":[],"_links":{"self":[{"href":"https:\/\/brianberger.de\/index.php?rest_route=\/wp\/v2\/pages\/22","targetHints":{"allow":["GET"]}}],"collection":[{"href":"https:\/\/brianberger.de\/index.php?rest_route=\/wp\/v2\/pages"}],"about":[{"href":"https:\/\/brianberger.de\/index.php?rest_route=\/wp\/v2\/types\/page"}],"author":[{"embeddable":true,"href":"https:\/\/brianberger.de\/index.php?rest_route=\/wp\/v2\/users\/1"}],"replies":[{"embeddable":true,"href":"https:\/\/brianberger.de\/index.php?rest_route=%2Fwp%2Fv2%2Fcomments&post=22"}],"version-history":[{"count":10,"href":"https:\/\/brianberger.de\/index.php?rest_route=\/wp\/v2\/pages\/22\/revisions"}],"predecessor-version":[{"id":399,"href":"https:\/\/brianberger.de\/index.php?rest_route=\/wp\/v2\/pages\/22\/revisions\/399"}],"wp:attachment":[{"href":"https:\/\/brianberger.de\/index.php?rest_route=%2Fwp%2Fv2%2Fmedia&parent=22"}],"curies":[{"name":"wp","href":"https:\/\/api.w.org\/{rel}","templated":true}]}}