{"id":319,"date":"2020-10-20T17:59:15","date_gmt":"2020-10-20T15:59:15","guid":{"rendered":"http:\/\/brianberger.de\/?page_id=319"},"modified":"2022-08-23T20:48:35","modified_gmt":"2022-08-23T18:48:35","slug":"radio%c2%b3","status":"publish","type":"page","link":"https:\/\/brianberger.de\/?page_id=319","title":{"rendered":"Radio\u00b3"},"content":{"rendered":"<p><strong><img loading=\"lazy\" decoding=\"async\" class=\" wp-image-388 alignleft\" src=\"http:\/\/brianberger.de\/wp-content\/uploads\/2022\/08\/Brian.png\" alt=\"\" width=\"241\" height=\"321\" srcset=\"https:\/\/brianberger.de\/wp-content\/uploads\/2022\/08\/Brian.png 433w, https:\/\/brianberger.de\/wp-content\/uploads\/2022\/08\/Brian-225x300.png 225w\" sizes=\"auto, (max-width: 241px) 100vw, 241px\" \/>Radio\u00b3<\/strong>, denn endlich ist es bald soweit: &#8222;Und nun h\u00f6rst Du Radio&#8220;. So hei\u00dft die Debutsingle des Esseners, der endlich seinen ersten eigenen Songs ver\u00f6ffentlicht.<\/p>\n<p>In den vergangenen 23 Jahren war Brian Berger sein Hobby &#8211; die Musik &#8211; immer weiter verfeinert und den gro\u00dfen Traum dabei nie aus den Augen verloren. Er will auf die B\u00fchne, auf die gro\u00dfe B\u00fchne und &#8222;Und nun h\u00f6rst du Radio&#8220; soll sein Sprungbrett werden, sich in der Szene zu zeigen und fest zu platzieren.<\/p>\n<p>Der mittlerweile 55-j\u00e4hrige sympathische S\u00e4nger hat sich dazu Produzent Fr\u00e4nk Hechler ins Boot geholt, der f\u00fcr fetten, fassetenreichen Sound bekannt ist. Der Songtext stammt ebenfals aus der Feder von Fr\u00e4nk Hechler, damit sich beides wundervoll erg\u00e4nzt.<\/p>\n<p>Das Ruhrgebiet ist der inoffizielle Kern des guten modernen Schlagers und auch Brian Berger ist hier zu Hause. So sind nicht nur die Wege kurz, sondern auch die Kontakte perfekt. Alle F\u00e4den sind gezogen und f\u00fcr Brian steht der Weg als Newcomer im Schlager nichts mehr im Wege.<\/p>\n<p>&#8222;Und nun h\u00f6rst du Radio&#8220; ist ein toller und moderner Titel, der das Potential hat, eben das zu tun, was sich der S\u00e4nger so sehr w\u00fcnscht: Den Weg auf die B\u00fchnen der Nation zu finden. F\u00fcr ihn ist es nicht nur der Wunsch, sondern festgeschriebenes Ziel, das er konsequent verfolgt.<\/p>\n","protected":false},"excerpt":{"rendered":"<p>Radio\u00b3, denn endlich ist es bald soweit: &#8222;Und nun h\u00f6rst Du Radio&#8220;. So hei\u00dft die Debutsingle des Esseners, der endlich seinen ersten eigenen Songs ver\u00f6ffentlicht. In den vergangenen 23 Jahren war Brian Berger sein Hobby &#8211; die Musik &#8211; immer weiter verfeinert und den gro\u00dfen Traum dabei nie aus den Augen verloren. Er will auf die B\u00fchne, auf die gro\u00dfe B\u00fchne und &#8222;Und nun h\u00f6rst du Radio&#8220; soll sein Sprungbrett werden, sich in der Szene zu zeigen und fest zu platzieren. Der mittlerweile 55-j\u00e4hrige sympathische S\u00e4nger hat sich dazu Produzent Fr\u00e4nk Hechler ins Boot geholt, der f\u00fcr fetten, fassetenreichen Sound&#8230; <\/p>\n","protected":false},"author":1,"featured_media":0,"parent":0,"menu_order":0,"comment_status":"closed","ping_status":"closed","template":"","meta":{"footnotes":""},"class_list":["post-319","page","type-page","status-publish","hentry"],"aioseo_notices":[],"_links":{"self":[{"href":"https:\/\/brianberger.de\/index.php?rest_route=\/wp\/v2\/pages\/319","targetHints":{"allow":["GET"]}}],"collection":[{"href":"https:\/\/brianberger.de\/index.php?rest_route=\/wp\/v2\/pages"}],"about":[{"href":"https:\/\/brianberger.de\/index.php?rest_route=\/wp\/v2\/types\/page"}],"author":[{"embeddable":true,"href":"https:\/\/brianberger.de\/index.php?rest_route=\/wp\/v2\/users\/1"}],"replies":[{"embeddable":true,"href":"https:\/\/brianberger.de\/index.php?rest_route=%2Fwp%2Fv2%2Fcomments&post=319"}],"version-history":[{"count":5,"href":"https:\/\/brianberger.de\/index.php?rest_route=\/wp\/v2\/pages\/319\/revisions"}],"predecessor-version":[{"id":390,"href":"https:\/\/brianberger.de\/index.php?rest_route=\/wp\/v2\/pages\/319\/revisions\/390"}],"wp:attachment":[{"href":"https:\/\/brianberger.de\/index.php?rest_route=%2Fwp%2Fv2%2Fmedia&parent=319"}],"curies":[{"name":"wp","href":"https:\/\/api.w.org\/{rel}","templated":true}]}}